{"id":514,"date":"2023-12-04T17:25:02","date_gmt":"2023-12-04T16:25:02","guid":{"rendered":"https:\/\/ameliekorsi.com\/?page_id=514"},"modified":"2025-05-08T15:23:37","modified_gmt":"2025-05-08T13:23:37","slug":"jornalpage","status":"publish","type":"page","link":"https:\/\/ameliekorsi.com\/?page_id=514","title":{"rendered":"journalpage"},"content":{"rendered":"\t\t<div data-elementor-type=\"wp-page\" data-elementor-id=\"514\" class=\"elementor elementor-514\">\n\t\t\t\t<div class=\"elementor-element elementor-element-a6e8810 e-flex e-con-boxed wd-section-disabled e-con e-parent\" data-id=\"a6e8810\" data-element_type=\"container\">\n\t\t\t\t\t<div class=\"e-con-inner\">\n\t\t\t\t<div class=\"elementor-element elementor-element-3b1824c elementor-widget elementor-widget-wd_timeline\" data-id=\"3b1824c\" data-element_type=\"widget\" data-widget_type=\"wd_timeline.default\">\n\t\t\t\t<div class=\"elementor-widget-container\">\n\t\t\t\t\t\t\t\t<link rel=\"stylesheet\" id=\"wd-timeline-css\" href=\"https:\/\/ameliekorsi.com\/wp-content\/themes\/woodmart\/css\/parts\/el-timeline.min.css?ver=7.3.2\" type=\"text\/css\" media=\"all\" \/> \t\t\t\t\t<div class=\"wd-timeline-wrapper wd-item-default wd-line-default\">\n\t\t\t<div class=\"woodmart-timeline-line\">\n\t\t\t\t<span class=\"line-dot dot-start\"><\/span>\n\t\t\t\t<span class=\"line-dot dot-end\"><\/span>\n\t\t\t<\/div>\n\n\t\t\t<div class=\"wd-timeline\">\n\t\t\t\t\t\t\t\t\t\t\t\t\t\t\t\t\t\t\t\t<div class=\"wd-timeline-breakpoint elementor-repeater-item-5666011\">\n\t\t\t\t\t\t\t<span class=\"woodmart-timeline-breakpoint-title\">\n\t\t\t\t\t\t\t\t2025\t\t\t\t\t\t\t<\/span>\n\t\t\t\t\t\t<\/div>\n\t\t\t\t\t\t\t\t\t\t\t\t\t\t\t\t\t\t\t\t\t\t\t\t\t<div class=\"wd-timeline-item wd-item-position-right elementor-repeater-item-807a358\">\n\t\t\t\t\t\t\t<div class=\"woodmart-timeline-dot\"><\/div>\n\n\t\t\t\t\t\t\t<div class=\"timeline-col timeline-col-primary\">\n\t\t\t\t\t\t\t\t<span class=\"timeline-arrow\"><\/span>\n\t\t\t\t\t\t\t\t\n\t\t\t\t\t\t\t\t\n\t\t\t\t\t\t\t\t<div class=\"wd-timeline-content set-cont-mb-s reset-last-child\">\n\t\t\t\t\t\t\t\t\t<p style=\"text-align: center;\">\"L'enflure qui venait de dessous \u00e9tait la respiration des poissons et la rage des poissons \u00e9tait la respiration de la mer, quand elle montait tr\u00e8s haut, avec ses cr\u00eates et ses bulles.\"<\/p><p style=\"text-align: center;\">Merce Rodoreda \"La place du diamant\" (Traduction du catalan par Bernard Lesfargues, Gallimard)<\/p><p>\u00a0 \u00a0Photographie de la Casa Mil\u00e0 de Gaudi.<\/p><p style=\"text-align: center;\"><span style=\"text-decoration: underline; color: #0000ff;\"><a style=\"color: #0000ff; text-decoration: underline;\" href=\"https:\/\/ameliekorsi.com\/?p=2136\">Continue Reading<\/a><\/span><\/p>\t\t\t\t\t\t\t\t<\/div>\n\t\t\t\t\t\t\t<\/div>\n\n\t\t\t\t\t\t\t<div class=\"timeline-col timeline-col-secondary\">\n\t\t\t\t\t\t\t\t<span class=\"timeline-arrow\"><\/span>\n\t\t\t\t\t\t\t\t\t\t\t\t\t\t\t\t\t<div class=\"wd-timeline-image\">\n\t\t\t\t\t\t\t\t\t\t<img fetchpriority=\"high\" decoding=\"async\" width=\"399\" height=\"533\" src=\"https:\/\/ameliekorsi.com\/wp-content\/uploads\/2025\/05\/gaudi-3-1.jpg\" class=\"attachment-large size-large\" alt=\"\" srcset=\"https:\/\/ameliekorsi.com\/wp-content\/uploads\/2025\/05\/gaudi-3-1.jpg 399w, https:\/\/ameliekorsi.com\/wp-content\/uploads\/2025\/05\/gaudi-3-1-225x300.jpg 225w\" sizes=\"(max-width: 399px) 100vw, 399px\" \/>\t\t\t\t\t\t\t\t\t<\/div>\n\t\t\t\t\t\t\t\t\n\t\t\t\t\t\t\t\t\n\t\t\t\t\t\t\t\t<div class=\"wd-timeline-content set-cont-mb-s reset-last-child\">\n\t\t\t\t\t\t\t\t\t\t\t\t\t\t\t\t\t<\/div>\n\t\t\t\t\t\t\t<\/div>\n\t\t\t\t\t\t<\/div>\n\t\t\t\t\t\t\t\t\t\t\t\t\t\t\t\t\t\t\t\t\t\t\t\t\t<div class=\"wd-timeline-breakpoint elementor-repeater-item-934c941\">\n\t\t\t\t\t\t\t<span class=\"woodmart-timeline-breakpoint-title\">\n\t\t\t\t\t\t\t\t2024\t\t\t\t\t\t\t<\/span>\n\t\t\t\t\t\t<\/div>\n\t\t\t\t\t\t\t\t\t\t\t\t\t\t\t\t\t\t\t\t\t\t\t\t\t<div class=\"wd-timeline-item wd-item-position-left elementor-repeater-item-18477c3\">\n\t\t\t\t\t\t\t<div class=\"woodmart-timeline-dot\"><\/div>\n\n\t\t\t\t\t\t\t<div class=\"timeline-col timeline-col-primary\">\n\t\t\t\t\t\t\t\t<span class=\"timeline-arrow\"><\/span>\n\t\t\t\t\t\t\t\t\n\t\t\t\t\t\t\t\t\n\t\t\t\t\t\t\t\t<div class=\"wd-timeline-content set-cont-mb-s reset-last-child\">\n\t\t\t\t\t\t\t\t\t<p style=\"text-align: center;\">...Regardez pas vos pieds comme \u00e7a... Vos pieds... Vous les connaissez... Vos pieds n'ont pas besoin de vous pour avancer.<\/p><p style=\"text-align: center;\">\u00a9H\u00e9l\u00e8ne Bessette- Ida ou le d\u00e9lire<\/p><p style=\"text-align: center;\"><span style=\"text-decoration: underline; color: #0000ff;\"><a style=\"color: #0000ff; text-decoration: underline;\" href=\"https:\/\/ameliekorsi.com\/?p=1774\">Continue Reading<\/a><\/span><\/p>\t\t\t\t\t\t\t\t<\/div>\n\t\t\t\t\t\t\t<\/div>\n\n\t\t\t\t\t\t\t<div class=\"timeline-col timeline-col-secondary\">\n\t\t\t\t\t\t\t\t<span class=\"timeline-arrow\"><\/span>\n\t\t\t\t\t\t\t\t\t\t\t\t\t\t\t\t\t<div class=\"wd-timeline-image\">\n\t\t\t\t\t\t\t\t\t\t<img decoding=\"async\" width=\"723\" height=\"1024\" src=\"https:\/\/ameliekorsi.com\/wp-content\/uploads\/2024\/02\/HELENE-BESSETTE-723x1024.jpg\" class=\"attachment-large size-large\" alt=\"\" srcset=\"https:\/\/ameliekorsi.com\/wp-content\/uploads\/2024\/02\/HELENE-BESSETTE-723x1024.jpg 723w, https:\/\/ameliekorsi.com\/wp-content\/uploads\/2024\/02\/HELENE-BESSETTE-212x300.jpg 212w, https:\/\/ameliekorsi.com\/wp-content\/uploads\/2024\/02\/HELENE-BESSETTE-768x1088.jpg 768w, https:\/\/ameliekorsi.com\/wp-content\/uploads\/2024\/02\/HELENE-BESSETTE.jpg 999w\" sizes=\"(max-width: 723px) 100vw, 723px\" \/>\t\t\t\t\t\t\t\t\t<\/div>\n\t\t\t\t\t\t\t\t\n\t\t\t\t\t\t\t\t\n\t\t\t\t\t\t\t\t<div class=\"wd-timeline-content set-cont-mb-s reset-last-child\">\n\t\t\t\t\t\t\t\t\t\t\t\t\t\t\t\t\t<\/div>\n\t\t\t\t\t\t\t<\/div>\n\t\t\t\t\t\t<\/div>\n\t\t\t\t\t\t\t\t\t\t\t\t\t\t\t\t\t\t\t\t\t\t\t\t\t<div class=\"wd-timeline-breakpoint elementor-repeater-item-4956e11\">\n\t\t\t\t\t\t\t<span class=\"woodmart-timeline-breakpoint-title\">\n\t\t\t\t\t\t\t\t2023\t\t\t\t\t\t\t<\/span>\n\t\t\t\t\t\t<\/div>\n\t\t\t\t\t\t\t\t\t\t\t\t\t\t\t\t\t\t\t\t\t\t\t\t\t<div class=\"wd-timeline-item wd-item-position-left elementor-repeater-item-bc6c544\">\n\t\t\t\t\t\t\t<div class=\"woodmart-timeline-dot\"><\/div>\n\n\t\t\t\t\t\t\t<div class=\"timeline-col timeline-col-primary\">\n\t\t\t\t\t\t\t\t<span class=\"timeline-arrow\"><\/span>\n\t\t\t\t\t\t\t\t\t\t\t\t\t\t\t\t\t<div class=\"wd-timeline-image\">\n\t\t\t\t\t\t\t\t\t\t<img decoding=\"async\" width=\"1024\" height=\"576\" src=\"https:\/\/ameliekorsi.com\/wp-content\/uploads\/2023\/12\/Aloise-corbaz-2023-quatrieme-periode-1951-1960-crayon-de-couleur-et-suc-de-geranium-sur-papiers.-\u2014-\u00a9-recto-1024x576.jpg\" class=\"attachment-large size-large\" alt=\"\" srcset=\"https:\/\/ameliekorsi.com\/wp-content\/uploads\/2023\/12\/Aloise-corbaz-2023-quatrieme-periode-1951-1960-crayon-de-couleur-et-suc-de-geranium-sur-papiers.-\u2014-\u00a9-recto-1024x576.jpg 1024w, https:\/\/ameliekorsi.com\/wp-content\/uploads\/2023\/12\/Aloise-corbaz-2023-quatrieme-periode-1951-1960-crayon-de-couleur-et-suc-de-geranium-sur-papiers.-\u2014-\u00a9-recto-300x169.jpg 300w, https:\/\/ameliekorsi.com\/wp-content\/uploads\/2023\/12\/Aloise-corbaz-2023-quatrieme-periode-1951-1960-crayon-de-couleur-et-suc-de-geranium-sur-papiers.-\u2014-\u00a9-recto-768x432.jpg 768w, https:\/\/ameliekorsi.com\/wp-content\/uploads\/2023\/12\/Aloise-corbaz-2023-quatrieme-periode-1951-1960-crayon-de-couleur-et-suc-de-geranium-sur-papiers.-\u2014-\u00a9-recto-600x338.jpg 600w, https:\/\/ameliekorsi.com\/wp-content\/uploads\/2023\/12\/Aloise-corbaz-2023-quatrieme-periode-1951-1960-crayon-de-couleur-et-suc-de-geranium-sur-papiers.-\u2014-\u00a9-recto-150x84.jpg 150w, https:\/\/ameliekorsi.com\/wp-content\/uploads\/2023\/12\/Aloise-corbaz-2023-quatrieme-periode-1951-1960-crayon-de-couleur-et-suc-de-geranium-sur-papiers.-\u2014-\u00a9-recto.jpg 1280w\" sizes=\"(max-width: 1024px) 100vw, 1024px\" \/>\t\t\t\t\t\t\t\t\t<\/div>\n\t\t\t\t\t\t\t\t\n\t\t\t\t\t\t\t\t\n\t\t\t\t\t\t\t\t<div class=\"wd-timeline-content set-cont-mb-s reset-last-child\">\n\t\t\t\t\t\t\t\t\t\t\t\t\t\t\t\t\t<\/div>\n\t\t\t\t\t\t\t<\/div>\n\n\t\t\t\t\t\t\t<div class=\"timeline-col timeline-col-secondary\">\n\t\t\t\t\t\t\t\t<span class=\"timeline-arrow\"><\/span>\n\t\t\t\t\t\t\t\t\n\t\t\t\t\t\t\t\t\n\t\t\t\t\t\t\t\t<div class=\"wd-timeline-content set-cont-mb-s reset-last-child\">\n\t\t\t\t\t\t\t\t\t<p class=\"font_2 wixui-rich-text__text\" style=\"text-align: center;\">Ce qui compte dans l'art brut c'est le processus de cr\u00e9ation. L'artiste, dans sa cr\u00e9ation, y trouve une jubilation.<\/p><p style=\"text-align: center;\">Alo\u00efse - quatri\u00e8me p\u00e9riode 1951-1960, crayon de couleur et suc de g\u00e9ranium sur papiers \u00a9 recto<\/p><p style=\"text-align: center;\"><span style=\"text-decoration: underline; color: #0000ff;\"><a style=\"color: #0000ff; text-decoration: underline;\" href=\"https:\/\/ameliekorsi.com\/?p=490\">Continue Reading<\/a><\/span><\/p>\t\t\t\t\t\t\t\t<\/div>\n\t\t\t\t\t\t\t<\/div>\n\t\t\t\t\t\t<\/div>\n\t\t\t\t\t\t\t\t\t\t\t\t\t\t\t\t\t\t\t\t\t\t\t\t\t<div class=\"wd-timeline-breakpoint elementor-repeater-item-2869044\">\n\t\t\t\t\t\t\t<span class=\"woodmart-timeline-breakpoint-title\">\n\t\t\t\t\t\t\t\t2022\t\t\t\t\t\t\t<\/span>\n\t\t\t\t\t\t<\/div>\n\t\t\t\t\t\t\t\t\t\t\t\t\t\t\t\t\t\t\t\t\t\t\t\t\t<div class=\"wd-timeline-item wd-item-position-left elementor-repeater-item-6a8cf13\">\n\t\t\t\t\t\t\t<div class=\"woodmart-timeline-dot\"><\/div>\n\n\t\t\t\t\t\t\t<div class=\"timeline-col timeline-col-primary\">\n\t\t\t\t\t\t\t\t<span class=\"timeline-arrow\"><\/span>\n\t\t\t\t\t\t\t\t\n\t\t\t\t\t\t\t\t\n\t\t\t\t\t\t\t\t<div class=\"wd-timeline-content set-cont-mb-s reset-last-child\">\n\t\t\t\t\t\t\t\t\t<p class=\"font_2 wixui-rich-text__text\" style=\"text-align: center;\">Quelques notes tir\u00e9es du carnet du dvd du film \"Zama\" de la r\u00e9alisatrice argentine Lucrecia Martel : la circulation... quelqu'un lit un roman et en fait un film...une membrane qui s'\u00e9tend d'un individu \u00e0 un autre...<\/p><p style=\"text-align: center;\">\u00a9Lucrecia Martel - Zama<\/p><p style=\"text-align: center;\"><span style=\"text-decoration: underline; color: #0000ff;\"><a style=\"color: #0000ff; text-decoration: underline;\" href=\"https:\/\/ameliekorsi.com\/?p=485\">Continue Reading<\/a><\/span><\/p>\t\t\t\t\t\t\t\t<\/div>\n\t\t\t\t\t\t\t<\/div>\n\n\t\t\t\t\t\t\t<div class=\"timeline-col timeline-col-secondary\">\n\t\t\t\t\t\t\t\t<span class=\"timeline-arrow\"><\/span>\n\t\t\t\t\t\t\t\t\t\t\t\t\t\t\t\t\t<div class=\"wd-timeline-image\">\n\t\t\t\t\t\t\t\t\t\t<img loading=\"lazy\" decoding=\"async\" width=\"1024\" height=\"576\" src=\"https:\/\/ameliekorsi.com\/wp-content\/uploads\/2023\/12\/Zama-Lucrecia-Martel-2022-1-1024x576.jpg\" class=\"attachment-large size-large\" alt=\"\" srcset=\"https:\/\/ameliekorsi.com\/wp-content\/uploads\/2023\/12\/Zama-Lucrecia-Martel-2022-1-1024x576.jpg 1024w, https:\/\/ameliekorsi.com\/wp-content\/uploads\/2023\/12\/Zama-Lucrecia-Martel-2022-1-300x169.jpg 300w, https:\/\/ameliekorsi.com\/wp-content\/uploads\/2023\/12\/Zama-Lucrecia-Martel-2022-1-768x432.jpg 768w, https:\/\/ameliekorsi.com\/wp-content\/uploads\/2023\/12\/Zama-Lucrecia-Martel-2022-1-600x338.jpg 600w, https:\/\/ameliekorsi.com\/wp-content\/uploads\/2023\/12\/Zama-Lucrecia-Martel-2022-1-150x84.jpg 150w, https:\/\/ameliekorsi.com\/wp-content\/uploads\/2023\/12\/Zama-Lucrecia-Martel-2022-1.jpg 1280w\" sizes=\"(max-width: 1024px) 100vw, 1024px\" \/>\t\t\t\t\t\t\t\t\t<\/div>\n\t\t\t\t\t\t\t\t\n\t\t\t\t\t\t\t\t\n\t\t\t\t\t\t\t\t<div class=\"wd-timeline-content set-cont-mb-s reset-last-child\">\n\t\t\t\t\t\t\t\t\t\t\t\t\t\t\t\t\t<\/div>\n\t\t\t\t\t\t\t<\/div>\n\t\t\t\t\t\t<\/div>\n\t\t\t\t\t\t\t\t\t\t\t\t\t\t\t\t\t\t\t\t\t\t\t\t\t<div class=\"wd-timeline-breakpoint elementor-repeater-item-a7571fa\">\n\t\t\t\t\t\t\t<span class=\"woodmart-timeline-breakpoint-title\">\n\t\t\t\t\t\t\t\t2021\t\t\t\t\t\t\t<\/span>\n\t\t\t\t\t\t<\/div>\n\t\t\t\t\t\t\t\t\t\t\t\t\t\t\t\t\t\t\t\t\t\t\t\t\t<div class=\"wd-timeline-item wd-item-position-left elementor-repeater-item-20897e3\">\n\t\t\t\t\t\t\t<div class=\"woodmart-timeline-dot\"><\/div>\n\n\t\t\t\t\t\t\t<div class=\"timeline-col timeline-col-primary\">\n\t\t\t\t\t\t\t\t<span class=\"timeline-arrow\"><\/span>\n\t\t\t\t\t\t\t\t\t\t\t\t\t\t\t\t\t<div class=\"wd-timeline-image\">\n\t\t\t\t\t\t\t\t\t\t<img loading=\"lazy\" decoding=\"async\" width=\"517\" height=\"710\" src=\"https:\/\/ameliekorsi.com\/wp-content\/uploads\/2023\/12\/2021-duras-ecrire-\u00a9-Fonds-Marguerite-Duras-Archives-IMEC-1.jpg\" class=\"attachment-large size-large\" alt=\"\" srcset=\"https:\/\/ameliekorsi.com\/wp-content\/uploads\/2023\/12\/2021-duras-ecrire-\u00a9-Fonds-Marguerite-Duras-Archives-IMEC-1.jpg 517w, https:\/\/ameliekorsi.com\/wp-content\/uploads\/2023\/12\/2021-duras-ecrire-\u00a9-Fonds-Marguerite-Duras-Archives-IMEC-1-218x300.jpg 218w, https:\/\/ameliekorsi.com\/wp-content\/uploads\/2023\/12\/2021-duras-ecrire-\u00a9-Fonds-Marguerite-Duras-Archives-IMEC-1-150x206.jpg 150w\" sizes=\"(max-width: 517px) 100vw, 517px\" \/>\t\t\t\t\t\t\t\t\t<\/div>\n\t\t\t\t\t\t\t\t\n\t\t\t\t\t\t\t\t\n\t\t\t\t\t\t\t\t<div class=\"wd-timeline-content set-cont-mb-s reset-last-child\">\n\t\t\t\t\t\t\t\t\t\t\t\t\t\t\t\t\t<\/div>\n\t\t\t\t\t\t\t<\/div>\n\n\t\t\t\t\t\t\t<div class=\"timeline-col timeline-col-secondary\">\n\t\t\t\t\t\t\t\t<span class=\"timeline-arrow\"><\/span>\n\t\t\t\t\t\t\t\t\n\t\t\t\t\t\t\t\t\n\t\t\t\t\t\t\t\t<div class=\"wd-timeline-content set-cont-mb-s reset-last-child\">\n\t\t\t\t\t\t\t\t\t<p class=\"font_8 wixui-rich-text__text\" style=\"text-align: center;\">\u00a0\"...\u00e9crire, c'est une sorte de facult\u00e9 qu'on a \u00e0 c\u00f4t\u00e9 de sa personne, parall\u00e8lement \u00e0 elle-m\u00eame, d'une autre personne qui appara\u00eet et qui avance, invisible, dou\u00e9e de pens\u00e9e, de col\u00e8re, et qui quelquefois, de son propre fait, est en danger d'en perdre la vie.\" Extrait d'\"Ecrire\" de Duras<\/p><p style=\"text-align: center;\">Marguerite Duras \"Ecrire\" \u00a9 Fonds Marguerite Duras-Archives IMEC<\/p><p style=\"text-align: center;\"><span style=\"text-decoration: underline; color: #0000ff;\"><a style=\"color: #0000ff; text-decoration: underline;\" href=\"https:\/\/ameliekorsi.com\/?p=480\">Continue Reading<\/a><\/span><\/p>\t\t\t\t\t\t\t\t<\/div>\n\t\t\t\t\t\t\t<\/div>\n\t\t\t\t\t\t<\/div>\n\t\t\t\t\t\t\t\t\t\t\t\t\t\t\t\t\t\t\t\t\t\t\t\t\t<div class=\"wd-timeline-breakpoint elementor-repeater-item-e72df89\">\n\t\t\t\t\t\t\t<span class=\"woodmart-timeline-breakpoint-title\">\n\t\t\t\t\t\t\t\t2020\t\t\t\t\t\t\t<\/span>\n\t\t\t\t\t\t<\/div>\n\t\t\t\t\t\t\t\t\t\t\t\t\t\t\t\t\t\t\t\t\t\t\t\t\t<div class=\"wd-timeline-item wd-item-position-left elementor-repeater-item-c97eb34\">\n\t\t\t\t\t\t\t<div class=\"woodmart-timeline-dot\"><\/div>\n\n\t\t\t\t\t\t\t<div class=\"timeline-col timeline-col-primary\">\n\t\t\t\t\t\t\t\t<span class=\"timeline-arrow\"><\/span>\n\t\t\t\t\t\t\t\t\n\t\t\t\t\t\t\t\t\n\t\t\t\t\t\t\t\t<div class=\"wd-timeline-content set-cont-mb-s reset-last-child\">\n\t\t\t\t\t\t\t\t\t<p class=\"font_8 wixui-rich-text__text\" style=\"text-align: center;\"><span class=\"wixui-rich-text__text\">\"Pour <em>Les Merveilles<\/em>, le fait d'\u00eatre loin m'a permis de retourner mon regard, de d\u00e9marrer cette exp\u00e9rience sur la vie de ma propre famille et de la raconter.\" Alice Rohrwacher pour le Centre Pompidou (d\u00e9cembre 2023)<\/span><\/p><p style=\"text-align: center;\">\u00a0\u00a9Affiche film \"Meraviglie\" Alice Rohrwacher<\/p><p style=\"text-align: center;\"><span style=\"text-decoration: underline; color: #0000ff;\"><a style=\"color: #0000ff; text-decoration: underline;\" href=\"https:\/\/ameliekorsi.com\/?p=475\">Continue Reading<\/a><\/span><\/p>\t\t\t\t\t\t\t\t<\/div>\n\t\t\t\t\t\t\t<\/div>\n\n\t\t\t\t\t\t\t<div class=\"timeline-col timeline-col-secondary\">\n\t\t\t\t\t\t\t\t<span class=\"timeline-arrow\"><\/span>\n\t\t\t\t\t\t\t\t\t\t\t\t\t\t\t\t\t<div class=\"wd-timeline-image\">\n\t\t\t\t\t\t\t\t\t\t<img loading=\"lazy\" decoding=\"async\" width=\"629\" height=\"1024\" src=\"https:\/\/ameliekorsi.com\/wp-content\/uploads\/2023\/12\/2020-meraviglie-alice-rohrwacher-629x1024.jpg\" class=\"attachment-large size-large\" alt=\"\" srcset=\"https:\/\/ameliekorsi.com\/wp-content\/uploads\/2023\/12\/2020-meraviglie-alice-rohrwacher-629x1024.jpg 629w, https:\/\/ameliekorsi.com\/wp-content\/uploads\/2023\/12\/2020-meraviglie-alice-rohrwacher-184x300.jpg 184w, https:\/\/ameliekorsi.com\/wp-content\/uploads\/2023\/12\/2020-meraviglie-alice-rohrwacher-600x978.jpg 600w, https:\/\/ameliekorsi.com\/wp-content\/uploads\/2023\/12\/2020-meraviglie-alice-rohrwacher-150x244.jpg 150w, https:\/\/ameliekorsi.com\/wp-content\/uploads\/2023\/12\/2020-meraviglie-alice-rohrwacher.jpg 731w\" sizes=\"(max-width: 629px) 100vw, 629px\" \/>\t\t\t\t\t\t\t\t\t<\/div>\n\t\t\t\t\t\t\t\t\n\t\t\t\t\t\t\t\t\n\t\t\t\t\t\t\t\t<div class=\"wd-timeline-content set-cont-mb-s reset-last-child\">\n\t\t\t\t\t\t\t\t\t\t\t\t\t\t\t\t\t<\/div>\n\t\t\t\t\t\t\t<\/div>\n\t\t\t\t\t\t<\/div>\n\t\t\t\t\t\t\t\t\t\t\t\t\t\t\t\t\t\t\t\t\t\t\t\t\t<div class=\"wd-timeline-breakpoint elementor-repeater-item-2774961\">\n\t\t\t\t\t\t\t<span class=\"woodmart-timeline-breakpoint-title\">\n\t\t\t\t\t\t\t\t2019\t\t\t\t\t\t\t<\/span>\n\t\t\t\t\t\t<\/div>\n\t\t\t\t\t\t\t\t\t\t\t\t\t\t\t\t\t\t\t\t\t\t\t\t\t<div class=\"wd-timeline-item wd-item-position-left elementor-repeater-item-b91bdaa\">\n\t\t\t\t\t\t\t<div class=\"woodmart-timeline-dot\"><\/div>\n\n\t\t\t\t\t\t\t<div class=\"timeline-col timeline-col-primary\">\n\t\t\t\t\t\t\t\t<span class=\"timeline-arrow\"><\/span>\n\t\t\t\t\t\t\t\t\t\t\t\t\t\t\t\t\t<div class=\"wd-timeline-image\">\n\t\t\t\t\t\t\t\t\t\t<img loading=\"lazy\" decoding=\"async\" width=\"1080\" height=\"580\" src=\"https:\/\/ameliekorsi.com\/wp-content\/uploads\/2023\/12\/2019-raynaud-3-1.jpg\" class=\"attachment-full size-full\" alt=\"\" srcset=\"https:\/\/ameliekorsi.com\/wp-content\/uploads\/2023\/12\/2019-raynaud-3-1.jpg 1080w, https:\/\/ameliekorsi.com\/wp-content\/uploads\/2023\/12\/2019-raynaud-3-1-300x161.jpg 300w, https:\/\/ameliekorsi.com\/wp-content\/uploads\/2023\/12\/2019-raynaud-3-1-1024x550.jpg 1024w, https:\/\/ameliekorsi.com\/wp-content\/uploads\/2023\/12\/2019-raynaud-3-1-768x412.jpg 768w\" sizes=\"(max-width: 1080px) 100vw, 1080px\" \/>\t\t\t\t\t\t\t\t\t<\/div>\n\t\t\t\t\t\t\t\t\n\t\t\t\t\t\t\t\t\n\t\t\t\t\t\t\t\t<div class=\"wd-timeline-content set-cont-mb-s reset-last-child\">\n\t\t\t\t\t\t\t\t\t\t\t\t\t\t\t\t\t<\/div>\n\t\t\t\t\t\t\t<\/div>\n\n\t\t\t\t\t\t\t<div class=\"timeline-col timeline-col-secondary\">\n\t\t\t\t\t\t\t\t<span class=\"timeline-arrow\"><\/span>\n\t\t\t\t\t\t\t\t\n\t\t\t\t\t\t\t\t\n\t\t\t\t\t\t\t\t<div class=\"wd-timeline-content set-cont-mb-s reset-last-child\">\n\t\t\t\t\t\t\t\t\t<p class=\"font_2 wixui-rich-text__text\" style=\"text-align: center;\">\"La Maison a eu un statut artistique parce qu\u2019on ne lui en a pas trouv\u00e9 d\u2019autre, et je l\u2019ai assum\u00e9 comme tel, sachant que ce n\u2019\u00e9tait pas un objet d\u2019art comme les autres. Du reste, je lui ai fait subir un autre destin que de terminer dans un mus\u00e9e comme les momies \u00e9gyptiennes.\" Extrait d'entretien avec Jean-Pierre Raynaud (Revue \"La cause du d\u00e9sir\" N\u00b080)<\/p><p style=\"text-align: center;\">\u00a0\u00a9La maison - Jean-Pierre Raynaud<\/p><p style=\"text-align: center;\"><span style=\"text-decoration: underline; color: #0000ff;\"><a style=\"color: #0000ff; text-decoration: underline;\" href=\"https:\/\/ameliekorsi.com\/?p=459\">Continue Reading<\/a><\/span><\/p>\t\t\t\t\t\t\t\t<\/div>\n\t\t\t\t\t\t\t<\/div>\n\t\t\t\t\t\t<\/div>\n\t\t\t\t\t\t\t\t\t\t\t\t\t\t\t\t\t\t\t\t\t\t\t\t\t<div class=\"wd-timeline-breakpoint elementor-repeater-item-441ad3b\">\n\t\t\t\t\t\t\t<span class=\"woodmart-timeline-breakpoint-title\">\n\t\t\t\t\t\t\t\t2018\t\t\t\t\t\t\t<\/span>\n\t\t\t\t\t\t<\/div>\n\t\t\t\t\t\t\t\t\t\t\t\t\t\t\t\t\t\t\t\t\t\t\t\t\t<div class=\"wd-timeline-item wd-item-position-left elementor-repeater-item-1ff397c\">\n\t\t\t\t\t\t\t<div class=\"woodmart-timeline-dot\"><\/div>\n\n\t\t\t\t\t\t\t<div class=\"timeline-col timeline-col-primary\">\n\t\t\t\t\t\t\t\t<span class=\"timeline-arrow\"><\/span>\n\t\t\t\t\t\t\t\t\n\t\t\t\t\t\t\t\t\n\t\t\t\t\t\t\t\t<div class=\"wd-timeline-content set-cont-mb-s reset-last-child\">\n\t\t\t\t\t\t\t\t\t<p class=\"font_2 wixui-rich-text__text\" style=\"text-align: center;\">\"Ecrivez ce que vous d\u00e9sirez \u00e9crire, c\u2019est tout ce qui importe, et nul ne peut pr\u00e9voir si cela importera pendant des si\u00e8cles ou pendant des jours. Mais sacrifier un cheveu de la t\u00eate de votre vision, une nuance de sa couleur, par d\u00e9f\u00e9rence envers quelque ma\u00eetre d\u2019\u00e9cole tenant une coupe d\u2019argent \u00e0 la main ou envers quelque professeur arm\u00e9 d\u2019un m\u00e8tre, c\u2019est commettre la plus abjecte des trahisons.\" Virginia Woolf, A Room of One's Own. \u00a0<\/p><p class=\"font_2 wixui-rich-text__text\" style=\"text-align: center;\">\u00a9Edition par <span id=\"book-publisher\">Harcourt, Brace &amp; Company 1929<\/span><\/p><p style=\"text-align: center;\"><span style=\"text-decoration: underline; color: #0000ff;\"><a style=\"color: #0000ff; text-decoration: underline;\" href=\"https:\/\/ameliekorsi.com\/?p=452\">Continue Reading<\/a><\/span><\/p>\t\t\t\t\t\t\t\t<\/div>\n\t\t\t\t\t\t\t<\/div>\n\n\t\t\t\t\t\t\t<div class=\"timeline-col timeline-col-secondary\">\n\t\t\t\t\t\t\t\t<span class=\"timeline-arrow\"><\/span>\n\t\t\t\t\t\t\t\t\t\t\t\t\t\t\t\t\t<div class=\"wd-timeline-image\">\n\t\t\t\t\t\t\t\t\t\t<img loading=\"lazy\" decoding=\"async\" width=\"560\" height=\"899\" src=\"https:\/\/ameliekorsi.com\/wp-content\/uploads\/2023\/12\/2018-woolf-La-couverture-de-ledition-originale-d-Une-chambre-a-soi-2.jpg\" class=\"attachment-full size-full\" alt=\"\" srcset=\"https:\/\/ameliekorsi.com\/wp-content\/uploads\/2023\/12\/2018-woolf-La-couverture-de-ledition-originale-d-Une-chambre-a-soi-2.jpg 560w, https:\/\/ameliekorsi.com\/wp-content\/uploads\/2023\/12\/2018-woolf-La-couverture-de-ledition-originale-d-Une-chambre-a-soi-2-187x300.jpg 187w\" sizes=\"(max-width: 560px) 100vw, 560px\" \/>\t\t\t\t\t\t\t\t\t<\/div>\n\t\t\t\t\t\t\t\t\n\t\t\t\t\t\t\t\t\n\t\t\t\t\t\t\t\t<div class=\"wd-timeline-content set-cont-mb-s reset-last-child\">\n\t\t\t\t\t\t\t\t\t\t\t\t\t\t\t\t\t<\/div>\n\t\t\t\t\t\t\t<\/div>\n\t\t\t\t\t\t<\/div>\n\t\t\t\t\t\t\t\t\t\t\t\t<\/div>\n\t\t<\/div>\n\t\t\t\t\t\t<\/div>\n\t\t\t\t<\/div>\n\t\t\t\t\t<\/div>\n\t\t\t\t<\/div>\n\t\t\t\t<\/div>\n\t\t","protected":false},"excerpt":{"rendered":"<p>2025 \u00ab\u00a0L&rsquo;enflure qui venait de dessous \u00e9tait la respiration des poissons et la rage des poissons \u00e9tait la respiration de<\/p>\n","protected":false},"author":1,"featured_media":0,"parent":0,"menu_order":0,"comment_status":"closed","ping_status":"closed","template":"","meta":{"om_disable_all_campaigns":false,"footnotes":""},"_links":{"self":[{"href":"https:\/\/ameliekorsi.com\/index.php?rest_route=\/wp\/v2\/pages\/514"}],"collection":[{"href":"https:\/\/ameliekorsi.com\/index.php?rest_route=\/wp\/v2\/pages"}],"about":[{"href":"https:\/\/ameliekorsi.com\/index.php?rest_route=\/wp\/v2\/types\/page"}],"author":[{"embeddable":true,"href":"https:\/\/ameliekorsi.com\/index.php?rest_route=\/wp\/v2\/users\/1"}],"replies":[{"embeddable":true,"href":"https:\/\/ameliekorsi.com\/index.php?rest_route=%2Fwp%2Fv2%2Fcomments&post=514"}],"version-history":[{"count":77,"href":"https:\/\/ameliekorsi.com\/index.php?rest_route=\/wp\/v2\/pages\/514\/revisions"}],"predecessor-version":[{"id":2164,"href":"https:\/\/ameliekorsi.com\/index.php?rest_route=\/wp\/v2\/pages\/514\/revisions\/2164"}],"wp:attachment":[{"href":"https:\/\/ameliekorsi.com\/index.php?rest_route=%2Fwp%2Fv2%2Fmedia&parent=514"}],"curies":[{"name":"wp","href":"https:\/\/api.w.org\/{rel}","templated":true}]}}